{"id":223,"date":"2025-05-21T17:51:25","date_gmt":"2025-05-21T16:51:25","guid":{"rendered":"https:\/\/obicarica.rs\/?page_id=223"},"modified":"2026-01-26T18:31:27","modified_gmt":"2026-01-26T17:31:27","slug":"pred-ogledalom","status":"publish","type":"page","link":"https:\/\/obicarica.rs\/?page_id=223","title":{"rendered":"Pred ogledalom"},"content":{"rendered":"\t\t<div data-elementor-type=\"wp-page\" data-elementor-id=\"223\" class=\"elementor elementor-223\">\n\t\t\t\t\t\t<section class=\"elementor-section elementor-top-section elementor-element elementor-element-5cd10bd1 elementor-section-boxed elementor-section-height-default elementor-section-height-default\" data-id=\"5cd10bd1\" data-element_type=\"section\">\n\t\t\t\t\t\t<div class=\"elementor-container elementor-column-gap-default\">\n\t\t\t\t\t<div class=\"elementor-column elementor-col-100 elementor-top-column elementor-element elementor-element-4ff89933\" data-id=\"4ff89933\" data-element_type=\"column\">\n\t\t\t<div class=\"elementor-widget-wrap elementor-element-populated\">\n\t\t\t\t\t\t\t<\/div>\n\t\t<\/div>\n\t\t\t\t\t<\/div>\n\t\t<\/section>\n\t\t\t\t<section class=\"elementor-section elementor-top-section elementor-element elementor-element-c6f61e8 elementor-section-boxed elementor-section-height-default elementor-section-height-default\" data-id=\"c6f61e8\" data-element_type=\"section\">\n\t\t\t\t\t\t<div class=\"elementor-container elementor-column-gap-default\">\n\t\t\t\t\t<div class=\"elementor-column elementor-col-100 elementor-top-column elementor-element elementor-element-e98c1d3\" data-id=\"e98c1d3\" data-element_type=\"column\">\n\t\t\t<div class=\"elementor-widget-wrap elementor-element-populated\">\n\t\t\t\t\t\t<div class=\"elementor-element elementor-element-7f20eb5 elementor-widget elementor-widget-image\" data-id=\"7f20eb5\" data-element_type=\"widget\" data-widget_type=\"image.default\">\n\t\t\t\t<div class=\"elementor-widget-container\">\n\t\t\t\t\t\t\t\t\t\t\t\t\t\t\t<img fetchpriority=\"high\" decoding=\"async\" width=\"678\" height=\"452\" src=\"https:\/\/obicarica.rs\/wp-content\/uploads\/2025\/05\/pred-ogledalom-1024x683.jpeg\" class=\"attachment-large size-large wp-image-263\" alt=\"\" srcset=\"https:\/\/obicarica.rs\/wp-content\/uploads\/2025\/05\/pred-ogledalom-1024x683.jpeg 1024w, https:\/\/obicarica.rs\/wp-content\/uploads\/2025\/05\/pred-ogledalom-300x200.jpeg 300w, https:\/\/obicarica.rs\/wp-content\/uploads\/2025\/05\/pred-ogledalom-768x512.jpeg 768w, https:\/\/obicarica.rs\/wp-content\/uploads\/2025\/05\/pred-ogledalom-1536x1024.jpeg 1536w, https:\/\/obicarica.rs\/wp-content\/uploads\/2025\/05\/pred-ogledalom-2048x1365.jpeg 2048w\" sizes=\"(max-width: 678px) 100vw, 678px\" \/>\t\t\t\t\t\t\t\t\t\t\t\t\t\t\t<\/div>\n\t\t\t\t<\/div>\n\t\t\t\t\t<\/div>\n\t\t<\/div>\n\t\t\t\t\t<\/div>\n\t\t<\/section>\n\t\t\t\t<section class=\"elementor-section elementor-top-section elementor-element elementor-element-17e9479 elementor-section-boxed elementor-section-height-default elementor-section-height-default\" data-id=\"17e9479\" data-element_type=\"section\">\n\t\t\t\t\t\t<div class=\"elementor-container elementor-column-gap-default\">\n\t\t\t\t\t<div class=\"elementor-column elementor-col-100 elementor-top-column elementor-element elementor-element-7256fb6\" data-id=\"7256fb6\" data-element_type=\"column\">\n\t\t\t<div class=\"elementor-widget-wrap elementor-element-populated\">\n\t\t\t\t\t\t<div class=\"elementor-element elementor-element-9c8cdeb elementor-widget elementor-widget-text-editor\" data-id=\"9c8cdeb\" data-element_type=\"widget\" data-widget_type=\"text-editor.default\">\n\t\t\t\t<div class=\"elementor-widget-container\">\n\t\t\t\t\t\t\t\t\t<p>Za trenutke kad stvarnost zastane, a misao se oglasi. Ono \u0161to ne mo\u017ee da stane u \u0107utanje.<\/p>\t\t\t\t\t\t\t\t<\/div>\n\t\t\t\t<\/div>\n\t\t\t\t\t<\/div>\n\t\t<\/div>\n\t\t\t\t\t<\/div>\n\t\t<\/section>\n\t\t\t\t<section class=\"elementor-section elementor-top-section elementor-element elementor-element-bf9783b elementor-section-boxed elementor-section-height-default elementor-section-height-default\" data-id=\"bf9783b\" data-element_type=\"section\">\n\t\t\t\t\t\t<div class=\"elementor-container elementor-column-gap-default\">\n\t\t\t\t\t<div class=\"elementor-column elementor-col-100 elementor-top-column elementor-element elementor-element-677c22f\" data-id=\"677c22f\" data-element_type=\"column\">\n\t\t\t<div class=\"elementor-widget-wrap elementor-element-populated\">\n\t\t\t\t\t\t<div class=\"elementor-element elementor-element-d7f01ee elementor-widget elementor-widget-text-editor\" data-id=\"d7f01ee\" data-element_type=\"widget\" data-widget_type=\"text-editor.default\">\n\t\t\t\t<div class=\"elementor-widget-container\">\n\t\t\t\t\t\t\t\t\t<p><blockquote class=\"wp-embedded-content\" data-secret=\"9z08tLloKT\"><a href=\"https:\/\/obicarica.rs\/?p=702\">Neizgovorene re\u010di<\/a><\/blockquote><iframe class=\"wp-embedded-content\" sandbox=\"allow-scripts\" security=\"restricted\" style=\"position: absolute; visibility: hidden;\" title=\"&#8220;Neizgovorene re\u010di&#8221; &#8212; Obi\u010darica\" src=\"https:\/\/obicarica.rs\/?p=702&#038;embed=true#?secret=wXPPmOIF28#?secret=9z08tLloKT\" data-secret=\"9z08tLloKT\" width=\"600\" height=\"338\" frameborder=\"0\" marginwidth=\"0\" marginheight=\"0\" scrolling=\"no\"><\/iframe><\/p>\t\t\t\t\t\t\t\t<\/div>\n\t\t\t\t<\/div>\n\t\t\t\t\t<\/div>\n\t\t<\/div>\n\t\t\t\t\t<\/div>\n\t\t<\/section>\n\t\t\t\t<section class=\"elementor-section elementor-top-section elementor-element elementor-element-b7c3d19 elementor-section-boxed elementor-section-height-default elementor-section-height-default\" data-id=\"b7c3d19\" data-element_type=\"section\">\n\t\t\t\t\t\t<div class=\"elementor-container elementor-column-gap-default\">\n\t\t\t\t\t<div class=\"elementor-column elementor-col-100 elementor-top-column elementor-element elementor-element-6981244\" data-id=\"6981244\" data-element_type=\"column\">\n\t\t\t<div class=\"elementor-widget-wrap elementor-element-populated\">\n\t\t\t\t\t\t<div class=\"elementor-element elementor-element-c6790fc elementor-widget elementor-widget-text-editor\" data-id=\"c6790fc\" data-element_type=\"widget\" data-widget_type=\"text-editor.default\">\n\t\t\t\t<div class=\"elementor-widget-container\">\n\t\t\t\t\t\t\t\t\t<p><blockquote class=\"wp-embedded-content\" data-secret=\"WSN0PJaPCe\"><a href=\"https:\/\/obicarica.rs\/?p=658\">Bugarska lekcija<\/a><\/blockquote><iframe class=\"wp-embedded-content\" sandbox=\"allow-scripts\" security=\"restricted\" style=\"position: absolute; visibility: hidden;\" title=\"&#8220;Bugarska lekcija&#8221; &#8212; Obi\u010darica\" src=\"https:\/\/obicarica.rs\/?p=658&#038;embed=true#?secret=pYikExl56f#?secret=WSN0PJaPCe\" data-secret=\"WSN0PJaPCe\" width=\"600\" height=\"338\" frameborder=\"0\" marginwidth=\"0\" marginheight=\"0\" scrolling=\"no\"><\/iframe><\/p>\t\t\t\t\t\t\t\t<\/div>\n\t\t\t\t<\/div>\n\t\t\t\t\t<\/div>\n\t\t<\/div>\n\t\t\t\t\t<\/div>\n\t\t<\/section>\n\t\t\t\t<section class=\"elementor-section elementor-top-section elementor-element elementor-element-7d8e1ef elementor-section-boxed elementor-section-height-default elementor-section-height-default\" data-id=\"7d8e1ef\" data-element_type=\"section\">\n\t\t\t\t\t\t<div class=\"elementor-container elementor-column-gap-default\">\n\t\t\t\t\t<div class=\"elementor-column elementor-col-100 elementor-top-column elementor-element elementor-element-37b4b8e\" data-id=\"37b4b8e\" data-element_type=\"column\">\n\t\t\t<div class=\"elementor-widget-wrap elementor-element-populated\">\n\t\t\t\t\t\t<div class=\"elementor-element elementor-element-929fed3 elementor-widget elementor-widget-text-editor\" data-id=\"929fed3\" data-element_type=\"widget\" data-widget_type=\"text-editor.default\">\n\t\t\t\t<div class=\"elementor-widget-container\">\n\t\t\t\t\t\t\t\t\t<p><blockquote class=\"wp-embedded-content\" data-secret=\"dbL1CcamUx\"><a href=\"https:\/\/obicarica.rs\/?p=501\">VA\u017dNO<\/a><\/blockquote><iframe class=\"wp-embedded-content\" sandbox=\"allow-scripts\" security=\"restricted\" style=\"position: absolute; visibility: hidden;\" title=\"&#132;VA\u017dNO&#147; &#8212; Obi\u010darica\" src=\"https:\/\/obicarica.rs\/?p=501&#038;embed=true#?secret=elko0yRGCG#?secret=dbL1CcamUx\" data-secret=\"dbL1CcamUx\" width=\"600\" height=\"338\" frameborder=\"0\" marginwidth=\"0\" marginheight=\"0\" scrolling=\"no\"><\/iframe><\/p>\t\t\t\t\t\t\t\t<\/div>\n\t\t\t\t<\/div>\n\t\t\t\t\t<\/div>\n\t\t<\/div>\n\t\t\t\t\t<\/div>\n\t\t<\/section>\n\t\t\t\t<\/div>\n\t\t","protected":false},"excerpt":{"rendered":"<p>Za trenutke kad stvarnost zastane, a misao se oglasi. Ono \u0161to ne mo\u017ee da stane u \u0107utanje. Neizgovorene re\u010di Bugarska lekcija VA\u017dNO<\/p>\n","protected":false},"author":1,"featured_media":263,"parent":13,"menu_order":2,"comment_status":"closed","ping_status":"closed","template":"","meta":{"footnotes":""},"class_list":["post-223","page","type-page","status-publish","has-post-thumbnail","hentry"],"_links":{"self":[{"href":"https:\/\/obicarica.rs\/index.php?rest_route=\/wp\/v2\/pages\/223","targetHints":{"allow":["GET"]}}],"collection":[{"href":"https:\/\/obicarica.rs\/index.php?rest_route=\/wp\/v2\/pages"}],"about":[{"href":"https:\/\/obicarica.rs\/index.php?rest_route=\/wp\/v2\/types\/page"}],"author":[{"embeddable":true,"href":"https:\/\/obicarica.rs\/index.php?rest_route=\/wp\/v2\/users\/1"}],"replies":[{"embeddable":true,"href":"https:\/\/obicarica.rs\/index.php?rest_route=%2Fwp%2Fv2%2Fcomments&post=223"}],"version-history":[{"count":22,"href":"https:\/\/obicarica.rs\/index.php?rest_route=\/wp\/v2\/pages\/223\/revisions"}],"predecessor-version":[{"id":708,"href":"https:\/\/obicarica.rs\/index.php?rest_route=\/wp\/v2\/pages\/223\/revisions\/708"}],"up":[{"embeddable":true,"href":"https:\/\/obicarica.rs\/index.php?rest_route=\/wp\/v2\/pages\/13"}],"wp:featuredmedia":[{"embeddable":true,"href":"https:\/\/obicarica.rs\/index.php?rest_route=\/wp\/v2\/media\/263"}],"wp:attachment":[{"href":"https:\/\/obicarica.rs\/index.php?rest_route=%2Fwp%2Fv2%2Fmedia&parent=223"}],"curies":[{"name":"wp","href":"https:\/\/api.w.org\/{rel}","templated":true}]}}